{"id":200,"date":"2023-07-18T10:58:43","date_gmt":"2023-07-18T10:58:43","guid":{"rendered":"https:\/\/new.euro-asie.lu\/?page_id=200"},"modified":"2023-07-18T10:58:43","modified_gmt":"2023-07-18T10:58:43","slug":"vietnam-an-ostern","status":"publish","type":"page","link":"https:\/\/new.euro-asie.lu\/?page_id=200","title":{"rendered":"Vietnam an Ostern"},"content":{"rendered":"\n<p><div class=\"content-container \"><div id=\"content\" class=\"site-content site-container \"><div id=\"primary\" class=\"content-area \"><main id=\"main\" class=\"site-main\" role=\"main\"><article id=\"post-845\" class=\"post-845 page type-page status-publish hentry\"><div class=\"entry-content\"><p align=\"left\"><span style=\"font-family: Open Sans; font-size: 14px;\"><span lang=\"de-DE\"><b>Tag 1 (01.<\/b><\/span><span lang=\"de-DE\"><b>04.2023<\/b><\/span><span lang=\"de-DE\"><b>): <\/b><\/span><span lang=\"de-DE\"><b>Luxemburg \/ Ho Chi Minh Stadt<\/b><\/span><\/span><\/p><p lang=\"de-DE\" align=\"left\"><span style=\"font-family: Open Sans; font-size: 14px;\">Flug nach Ho Chi Minh Stadtzentrum.<\/span><\/p><p align=\"left\"><span style=\"font-family: Open Sans; font-size: 14px;\"><b><span lang=\"de-DE\">Tag 2 (02.04.<\/span><span lang=\"de-DE\">2023) Ho Chi Minh Stadt <\/span><span lang=\"de-DE\">(D)<\/span><\/b><\/span><\/p><p align=\"left\"><span style=\"font-family: Open Sans; font-size: 14px;\"><span lang=\"de-DE\">Ankunft  in Ho Chi Minh Stadt. Begr\u00fc\u00dfung durch den Reisef\u00fchrer. Heute  besichtigen wir Ho Chi Minh Stadt, auch Saigon genannt, die gr\u00f6\u00dfte <\/span><span lang=\"de-DE\">und dynamischste Metropole Vietnams.<\/span> <span lang=\"de-DE\">Nach  der Ankunft besuchen wir die bekanntesten Sehensw\u00fcrdigkeiten im Zentrum  der Stadt, darunter den ehemaligen Pr\u00e4sidentenpalast, das Kriegsmuseum,  die Kathedrale Notre Dame, die Hauptpost, die Oper, das Rathaus und den  Ben Thanh-Markt.<\/span><\/span><\/p><\/div><\/article><\/main><\/div><\/div><\/div> <\/p>\n","protected":false},"excerpt":{"rendered":"<p>Tag 1 (01.04.2023): Luxemburg \/ Ho Chi Minh Stadt Flug nach Ho Chi Minh Stadtzentrum. Tag 2 (02.04.2023) Ho Chi Minh Stadt (D) Ankunft in Ho Chi Minh Stadt. Begr\u00fc\u00dfung durch den Reisef\u00fchrer. Heute besichtigen wir Ho Chi Minh Stadt, auch Saigon genannt, die gr\u00f6\u00dfte und dynamischste Metropole Vietnams. Nach der Ankunft besuchen wir die [&hellip;]<\/p>\n","protected":false},"author":1,"featured_media":0,"parent":0,"menu_order":0,"comment_status":"closed","ping_status":"closed","template":"","meta":{"inline_featured_image":false,"footnotes":""},"class_list":["post-200","page","type-page","status-publish","hentry"],"_links":{"self":[{"href":"https:\/\/new.euro-asie.lu\/index.php?rest_route=\/wp\/v2\/pages\/200","targetHints":{"allow":["GET"]}}],"collection":[{"href":"https:\/\/new.euro-asie.lu\/index.php?rest_route=\/wp\/v2\/pages"}],"about":[{"href":"https:\/\/new.euro-asie.lu\/index.php?rest_route=\/wp\/v2\/types\/page"}],"author":[{"embeddable":true,"href":"https:\/\/new.euro-asie.lu\/index.php?rest_route=\/wp\/v2\/users\/1"}],"replies":[{"embeddable":true,"href":"https:\/\/new.euro-asie.lu\/index.php?rest_route=%2Fwp%2Fv2%2Fcomments&post=200"}],"version-history":[{"count":1,"href":"https:\/\/new.euro-asie.lu\/index.php?rest_route=\/wp\/v2\/pages\/200\/revisions"}],"predecessor-version":[{"id":201,"href":"https:\/\/new.euro-asie.lu\/index.php?rest_route=\/wp\/v2\/pages\/200\/revisions\/201"}],"wp:attachment":[{"href":"https:\/\/new.euro-asie.lu\/index.php?rest_route=%2Fwp%2Fv2%2Fmedia&parent=200"}],"curies":[{"name":"wp","href":"https:\/\/api.w.org\/{rel}","templated":true}]}}