{"id":150,"date":"2023-06-29T02:10:16","date_gmt":"2023-06-29T02:10:16","guid":{"rendered":"https:\/\/new.euro-asie.lu\/?page_id=150"},"modified":"2023-06-29T14:41:46","modified_gmt":"2023-06-29T14:41:46","slug":"ueber-uns","status":"publish","type":"page","link":"https:\/\/new.euro-asie.lu\/?page_id=150","title":{"rendered":"Ueber uns"},"content":{"rendered":"<div class=\"wp-block-image\">\n<figure class=\"aligncenter size-large\"><img loading=\"lazy\" decoding=\"async\" width=\"1024\" height=\"768\" src=\"https:\/\/new.euro-asie.lu\/wp-content\/uploads\/2023\/06\/Vorwort-Foto_optimiert-1024x768.jpg\" alt=\"\" class=\"wp-image-167\" srcset=\"https:\/\/new.euro-asie.lu\/wp-content\/uploads\/2023\/06\/Vorwort-Foto_optimiert-1024x768.jpg 1024w, https:\/\/new.euro-asie.lu\/wp-content\/uploads\/2023\/06\/Vorwort-Foto_optimiert-300x225.jpg 300w, https:\/\/new.euro-asie.lu\/wp-content\/uploads\/2023\/06\/Vorwort-Foto_optimiert-768x576.jpg 768w, https:\/\/new.euro-asie.lu\/wp-content\/uploads\/2023\/06\/Vorwort-Foto_optimiert-1536x1152.jpg 1536w, https:\/\/new.euro-asie.lu\/wp-content\/uploads\/2023\/06\/Vorwort-Foto_optimiert-2048x1536.jpg 2048w, https:\/\/new.euro-asie.lu\/wp-content\/uploads\/2023\/06\/Vorwort-Foto_optimiert-600x450.jpg 600w\" sizes=\"auto, (max-width: 1024px) 100vw, 1024px\" \/><\/figure>\n<\/div>\n\n\n<p><\/p>\n\n\n\n<p>Erlauben Sie mir, Ihnen Euro-Asie vorzustellen, eine Reiseagentur, die Sie auf au\u00dfergew\u00f6hnliche Abenteuer in Asien und weltweit mitnimmt. Gegr\u00fcndet von Zhang Yong und Zhang Xiang, verf\u00fcgt Euro-Asie \u00fcber umfangreiche Erfahrung im Inbound- und Outbound-Reiseverkehr.<\/p>\n\n\n\n<p>Unsere Geschichte beginnt mit der Er\u00f6ffnung unseres asiatischen Restaurants Zhong Hua vor \u00fcber dreiunddrei\u00dfig Jahren. W\u00e4hrend wir k\u00f6stliche asiatische Gerichte an unsere G\u00e4ste servierten, entwickelten wir eine tiefe Leidenschaft f\u00fcr die Kultur und Sch\u00f6nheit des asiatischen Kontinents. Wir waren so von diesen faszinierenden Orten inspiriert, dass wir beschlossen, unsere Reiseerlebnisse mit anderen zu teilen.<\/p>\n\n\n\n<p>Im Laufe der Jahre haben wir uns von einem Restaurant zu einer echten Reiseagentur entwickelt. Dank des Vertrauens und der Unterst\u00fctzung unserer Kunden sind wir gewachsen und haben uns zu Experten in der Gestaltung au\u00dfergew\u00f6hnlicher Reisen f\u00fcr Gruppen und Einzelpersonen entwickelt. Unsere langj\u00e4hrige Erfahrung hat uns ein tiefes Verst\u00e4ndnis f\u00fcr verschiedene Kulturen erm\u00f6glicht und wir bieten unseren Reisenden ein authentisches und unvergessliches Erlebnis.<\/p>\n\n\n\n<p>Wir sind stolz darauf, unsere Zusammenarbeit mit dem f\u00fchrenden Unternehmen in Luxemburg und angesehenen chinesischen Institutionen bekannt zu geben. Diese Zusammenarbeit erm\u00f6glicht es uns, Wissen und Erfahrungen zwischen der europ\u00e4ischen und chinesischen Kultur auszutauschen und somit die Reiseerlebnisse unserer Kunden noch weiter zu bereichern.<\/p>\n\n\n\n<p>Unser Team besteht aus mehrsprachigen Fachleuten, die flie\u00dfend Franz\u00f6sisch, Deutsch, Luxemburgisch und Chinesisch sprechen und Ihnen in Ihrer bevorzugten Sprache zur Seite stehen. Wir sind hier, um Ihnen einen einwandfreien Service zu bieten und ma\u00dfgeschneiderte Reiserouten zu erstellen, die Ihren W\u00fcnschen und Erwartungen entsprechen.<\/p>\n\n\n\n<p>Mit Euro-Asie haben Sie Zugang zu faszinierenden Reisezielen, atemberaubenden Landschaften und authentischen kulturellen Begegnungen. Dank enger Zusammenarbeit mit lokalen und internationalen Partnern k\u00f6nnen wir Ihnen die besten Reiseerlebnisse garantieren.<\/p>\n\n\n\n<p>Egal, ob Sie sich f\u00fcr die antike Geschichte begeistern, unber\u00fchrte Natur erkunden oder in neue Kulturen eintauchen m\u00f6chten &#8211; Euro-Asie steht Ihnen zur Seite, um Ihre Reisetr\u00e4ume wahr werden zu lassen.<\/p>\n\n\n\n<p>Kontaktieren Sie uns noch heute und lassen Sie Euro-Asie Ihr Reisebegleiter sein, der Sie an unglaubliche Orte f\u00fchrt und unvergessliche Erinnerungen schafft.<\/p>\n\n\n\n<p>Vielen Dank, dass Sie Euro-Asie gew\u00e4hlt haben, wo jede Reise ein au\u00dfergew\u00f6hnliches Erlebnis ist.<\/p>\n","protected":false},"excerpt":{"rendered":"<p>Erlauben Sie mir, Ihnen Euro-Asie vorzustellen, eine Reiseagentur, die Sie auf au\u00dfergew\u00f6hnliche Abenteuer in Asien und weltweit mitnimmt. Gegr\u00fcndet von Zhang Yong und Zhang Xiang, verf\u00fcgt Euro-Asie \u00fcber umfangreiche Erfahrung im Inbound- und Outbound-Reiseverkehr. Unsere Geschichte beginnt mit der Er\u00f6ffnung unseres asiatischen Restaurants Zhong Hua vor \u00fcber dreiunddrei\u00dfig Jahren. W\u00e4hrend wir k\u00f6stliche asiatische Gerichte an [&hellip;]<\/p>\n","protected":false},"author":1,"featured_media":0,"parent":0,"menu_order":0,"comment_status":"closed","ping_status":"closed","template":"","meta":{"inline_featured_image":false,"footnotes":""},"class_list":["post-150","page","type-page","status-publish","hentry"],"_links":{"self":[{"href":"https:\/\/new.euro-asie.lu\/index.php?rest_route=\/wp\/v2\/pages\/150","targetHints":{"allow":["GET"]}}],"collection":[{"href":"https:\/\/new.euro-asie.lu\/index.php?rest_route=\/wp\/v2\/pages"}],"about":[{"href":"https:\/\/new.euro-asie.lu\/index.php?rest_route=\/wp\/v2\/types\/page"}],"author":[{"embeddable":true,"href":"https:\/\/new.euro-asie.lu\/index.php?rest_route=\/wp\/v2\/users\/1"}],"replies":[{"embeddable":true,"href":"https:\/\/new.euro-asie.lu\/index.php?rest_route=%2Fwp%2Fv2%2Fcomments&post=150"}],"version-history":[{"count":5,"href":"https:\/\/new.euro-asie.lu\/index.php?rest_route=\/wp\/v2\/pages\/150\/revisions"}],"predecessor-version":[{"id":173,"href":"https:\/\/new.euro-asie.lu\/index.php?rest_route=\/wp\/v2\/pages\/150\/revisions\/173"}],"wp:attachment":[{"href":"https:\/\/new.euro-asie.lu\/index.php?rest_route=%2Fwp%2Fv2%2Fmedia&parent=150"}],"curies":[{"name":"wp","href":"https:\/\/api.w.org\/{rel}","templated":true}]}}